{"id":190,"date":"2022-02-10T18:53:36","date_gmt":"2022-02-10T17:53:36","guid":{"rendered":"https:\/\/sieben-schwaben-fuerth.de\/wp7s\/?page_id=190"},"modified":"2022-02-24T19:03:50","modified_gmt":"2022-02-24T18:03:50","slug":"fassbier-der-woche","status":"publish","type":"page","link":"https:\/\/sieben-schwaben-fuerth.de\/wp7s\/fassbier-der-woche\/","title":{"rendered":"Fassbier der Woche"},"content":{"rendered":"\n<p class=\"has-drop-cap\">Neben unseren \u00bbStammspielern\u00ab aus der <a rel=\"noreferrer noopener\" href=\"http:\/\/spalter-bier.de\" data-type=\"URL\" data-id=\"spalter-bier.de\" target=\"_blank\">Stadtbrauerei Spalt<\/a>, der <a rel=\"noreferrer noopener\" href=\"http:\/\/rittmayer.de\" target=\"_blank\">Brauerei Rittmayer<\/a> aus Hallerndorf sowie der <a rel=\"noreferrer noopener\" href=\"https:\/\/krug-braeu.de\" target=\"_blank\">Krug-Br\u00e4u<\/a> aus Breitenlesau bringen wir an einem unserer Zapfh\u00e4hne immer noch zus\u00e4tzlich ein wechselndes fr\u00e4nkisches Landbier zum Ausschank.<br><br>So k\u00f6nnt ihr Euch bei uns durch abwechselnde Spezialit\u00e4ten der fr\u00e4nkischen Bier-Vielfalt probieren, von denen viele nur selten in der Stadt zu bekommen sind. Die meisten dieser K\u00f6stlichkeiten holen wir selbst direkt bei den fr\u00e4nkischen Brauern ab.<\/p>\n","protected":false},"excerpt":{"rendered":"<p>Neben unseren \u00bbStammspielern\u00ab aus der Stadtbrauerei Spalt, der Brauerei Rittmayer aus Hallerndorf sowie der Krug-Br\u00e4u aus Breitenlesau bringen wir an einem unserer Zapfh\u00e4hne immer noch zus\u00e4tzlich ein wechselndes fr\u00e4nkisches Landbier zum Ausschank. So k\u00f6nnt ihr Euch bei uns durch abwechselnde Spezialit\u00e4ten der fr\u00e4nkischen Bier-Vielfalt probieren, von denen viele nur selten in der Stadt zu bekommen [&hellip;]<\/p>\n","protected":false},"author":1,"featured_media":108,"parent":0,"menu_order":0,"comment_status":"closed","ping_status":"closed","template":"templates\/template-fassb.php","meta":{"footnotes":""},"class_list":["post-190","page","type-page","status-publish","has-post-thumbnail","hentry"],"_links":{"self":[{"href":"https:\/\/sieben-schwaben-fuerth.de\/wp7s\/wp-json\/wp\/v2\/pages\/190","targetHints":{"allow":["GET"]}}],"collection":[{"href":"https:\/\/sieben-schwaben-fuerth.de\/wp7s\/wp-json\/wp\/v2\/pages"}],"about":[{"href":"https:\/\/sieben-schwaben-fuerth.de\/wp7s\/wp-json\/wp\/v2\/types\/page"}],"author":[{"embeddable":true,"href":"https:\/\/sieben-schwaben-fuerth.de\/wp7s\/wp-json\/wp\/v2\/users\/1"}],"replies":[{"embeddable":true,"href":"https:\/\/sieben-schwaben-fuerth.de\/wp7s\/wp-json\/wp\/v2\/comments?post=190"}],"version-history":[{"count":9,"href":"https:\/\/sieben-schwaben-fuerth.de\/wp7s\/wp-json\/wp\/v2\/pages\/190\/revisions"}],"predecessor-version":[{"id":334,"href":"https:\/\/sieben-schwaben-fuerth.de\/wp7s\/wp-json\/wp\/v2\/pages\/190\/revisions\/334"}],"wp:featuredmedia":[{"embeddable":true,"href":"https:\/\/sieben-schwaben-fuerth.de\/wp7s\/wp-json\/wp\/v2\/media\/108"}],"wp:attachment":[{"href":"https:\/\/sieben-schwaben-fuerth.de\/wp7s\/wp-json\/wp\/v2\/media?parent=190"}],"curies":[{"name":"wp","href":"https:\/\/api.w.org\/{rel}","templated":true}]}}