{"id":7,"date":"2022-02-09T15:46:32","date_gmt":"2022-02-09T14:46:32","guid":{"rendered":"https:\/\/sieben-schwaben-fuerth.de\/wp7s\/?page_id=7"},"modified":"2025-09-13T16:16:57","modified_gmt":"2025-09-13T14:16:57","slug":"das-neue-museum-oeffnet-seine-tueren-2","status":"publish","type":"page","link":"https:\/\/sieben-schwaben-fuerth.de\/wp7s\/","title":{"rendered":""},"content":{"rendered":"\n<div class=\"wp-block-group alignwide\"><div class=\"wp-block-group__inner-container is-layout-flow wp-block-group-is-layout-flow\">\n<h2 class=\"has-text-align-center has-normal-font-size wp-block-heading\" id=\"herzlich-willkommen-unsere-gaststatte-liegt-direkt-am-further-stadtpark-von-hier-geht-der-ruf-unserer-kuche-fur-gute-und-bodenstandige-frankische-speisen-von-jeher-weit-uber-die-grenzen-der-stadt-furth-hinaus-unser-haus-lebt-eine-uber-130-jahrige-geschichte-sie-ist-uns-heute-stolz-wie-verpflichtung-so-stehen-die-sieben-schwaben-fur-eine-zeitgemasse-und-weltoffene-interpretation-unpratentioser-frankischer-gastlichkeit-fur-einen-vielseitigen-ort-vielfaltiger-lokaler-spezialitaten-zu-essen-und-zu-trinken-auf-dieser-seite-mochten-wir-ein-paar-erste-eindrucke-praktische-informationen-ebenso-wie-geschichte-und-geschichten-servieren\" style=\"font-style:italic;font-weight:300\"><b>Herzlich willkommen!<\/b><\/br>Unsere Gastst\u00e4tte liegt direkt am F\u00fcrther Stadtpark. Von hier geht der Ruf unserer K\u00fcche f\u00fcr gute und bodenst\u00e4ndige fr\u00e4nkische Speisen von jeher weit \u00fcber die Grenzen der Stadt F\u00fcrth hinaus. Unser Haus lebt eine \u00fcber 130 j\u00e4hrige Geschichte. Sie ist uns heute Stolz wie Verpflichtung. So stehen die \u00bbSieben Schwaben\u00ab f\u00fcr eine zeitgem\u00e4\u00dfe und weltoffene Interpretation unpr\u00e4tenti\u00f6ser fr\u00e4nkischer Gastlichkeit. F\u00fcr einen vielseitigen Ort vielf\u00e4ltiger lokaler Spezialit\u00e4ten. Zu Essen. Und zu Trinken.<\/b>\n<\/div><\/div>\n\n\n\n<div class=\"wp-block-columns alignwide is-layout-flex wp-container-core-columns-is-layout-9d6595d7 wp-block-columns-is-layout-flex\">\n<div class=\"wp-block-column is-layout-flow wp-block-column-is-layout-flow\">\n<div class=\"wp-block-group\"><div class=\"wp-block-group__inner-container is-layout-flow wp-block-group-is-layout-flow\">\n<figure class=\"wp-block-image alignfull size-large\"><a href=\"https:\/\/sieben-schwaben-fuerth.de\/wp7s\/ueber-uns\/\"><img loading=\"lazy\" decoding=\"async\" width=\"1024\" height=\"768\" src=\"https:\/\/sieben-schwaben-fuerth.de\/wp7s\/wp-content\/uploads\/2022\/02\/IMG_6489-1024x768.jpeg\" alt=\"Gastraumdecke\" class=\"wp-image-71\" srcset=\"https:\/\/sieben-schwaben-fuerth.de\/wp7s\/wp-content\/uploads\/2022\/02\/IMG_6489-1024x768.jpeg 1024w, https:\/\/sieben-schwaben-fuerth.de\/wp7s\/wp-content\/uploads\/2022\/02\/IMG_6489-300x225.jpeg 300w, https:\/\/sieben-schwaben-fuerth.de\/wp7s\/wp-content\/uploads\/2022\/02\/IMG_6489-768x576.jpeg 768w, https:\/\/sieben-schwaben-fuerth.de\/wp7s\/wp-content\/uploads\/2022\/02\/IMG_6489-1536x1152.jpeg 1536w, https:\/\/sieben-schwaben-fuerth.de\/wp7s\/wp-content\/uploads\/2022\/02\/IMG_6489-2048x1536.jpeg 2048w, https:\/\/sieben-schwaben-fuerth.de\/wp7s\/wp-content\/uploads\/2022\/02\/IMG_6489-1200x900.jpeg 1200w, https:\/\/sieben-schwaben-fuerth.de\/wp7s\/wp-content\/uploads\/2022\/02\/IMG_6489-1980x1485.jpeg 1980w\" sizes=\"auto, (max-width: 1024px) 100vw, 1024px\" \/><\/a><\/figure>\n\n\n\n<h2 class=\"wp-block-heading has-large-font-size\" id=\"geschichte-und-geschichten\">Geschichte und Geschichten<\/h2>\n\n\n\n<p><\/p>\n\n\n\n<div class=\"wp-block-button is-style-outline is-style-outline--1\"><a class=\"wp-block-button__link wp-element-button\" href=\"https:\/\/sieben-schwaben-fuerth.de\/wp7s\/ueber-uns\/\">Weiterlesen<\/a><\/div>\n<\/div><\/div>\n\n\n\n<div class=\"wp-block-group\"><div class=\"wp-block-group__inner-container is-layout-flow wp-block-group-is-layout-flow\">\n<figure class=\"wp-block-image alignfull size-large\"><a href=\"https:\/\/sieben-schwaben-fuerth.de\/speisekarte\/\"><img loading=\"lazy\" decoding=\"async\" width=\"816\" height=\"1024\" src=\"https:\/\/sieben-schwaben-fuerth.de\/wp7s\/wp-content\/uploads\/2022\/02\/Bildschirmfoto-2022-02-09-um-17.30.55-816x1024.png\" alt=\"\" class=\"wp-image-83\" srcset=\"https:\/\/sieben-schwaben-fuerth.de\/wp7s\/wp-content\/uploads\/2022\/02\/Bildschirmfoto-2022-02-09-um-17.30.55-816x1024.png 816w, https:\/\/sieben-schwaben-fuerth.de\/wp7s\/wp-content\/uploads\/2022\/02\/Bildschirmfoto-2022-02-09-um-17.30.55-239x300.png 239w, https:\/\/sieben-schwaben-fuerth.de\/wp7s\/wp-content\/uploads\/2022\/02\/Bildschirmfoto-2022-02-09-um-17.30.55-768x963.png 768w, https:\/\/sieben-schwaben-fuerth.de\/wp7s\/wp-content\/uploads\/2022\/02\/Bildschirmfoto-2022-02-09-um-17.30.55.png 1156w\" sizes=\"auto, (max-width: 816px) 100vw, 816px\" \/><\/a><\/figure>\n\n\n\n<h3 class=\"wp-block-heading\" id=\"speisen-getranke\">Speisen &amp; Getr\u00e4nke<\/h3>\n\n\n\n<p>Hier geht es zur digitalen Speisekarte<\/p>\n\n\n\n<div class=\"wp-block-button is-style-outline is-style-outline--2\"><a class=\"wp-block-button__link wp-element-button\" href=\"https:\/\/sieben-schwaben-fuerth.de\/speisekarte\/\" target=\"_blank\" rel=\"noreferrer noopener\">Speisekarte \u00f6ffnen<\/a><\/div>\n<\/div><\/div>\n<\/div>\n\n\n\n<div class=\"wp-block-column is-layout-flow wp-block-column-is-layout-flow\">\n<div class=\"wp-block-group\"><div class=\"wp-block-group__inner-container is-layout-flow wp-block-group-is-layout-flow\">\n<figure class=\"wp-block-image alignfull size-full\"><a href=\"https:\/\/sieben-schwaben-fuerth.de\/wp7s\/fassbier-der-woche\/\"><img loading=\"lazy\" decoding=\"async\" width=\"768\" height=\"1024\" src=\"https:\/\/sieben-schwaben-fuerth.de\/wp7s\/wp-content\/uploads\/2022\/02\/E5C4D52E-C186-4300-A7E6-684728291A0A_1_105_c.jpeg\" alt=\"\" class=\"wp-image-77\" srcset=\"https:\/\/sieben-schwaben-fuerth.de\/wp7s\/wp-content\/uploads\/2022\/02\/E5C4D52E-C186-4300-A7E6-684728291A0A_1_105_c.jpeg 768w, https:\/\/sieben-schwaben-fuerth.de\/wp7s\/wp-content\/uploads\/2022\/02\/E5C4D52E-C186-4300-A7E6-684728291A0A_1_105_c-225x300.jpeg 225w\" sizes=\"auto, (max-width: 768px) 100vw, 768px\" \/><\/a><\/figure>\n\n\n\n<h3 class=\"wp-block-heading\" id=\"fassbier-vielfalt\">Fassbier-Vielfalt<\/h3>\n\n\n\n<p>Neben festen Klassikern pr\u00e4sentieren wir wechselnde fr\u00e4nkische Landbiere.<\/p>\n\n\n\n<div class=\"wp-block-button is-style-outline is-style-outline--3\"><a class=\"wp-block-button__link wp-element-button\" href=\"https:\/\/sieben-schwaben-fuerth.de\/wp7s\/fassbier-der-woche\/\">Weiterlesen<\/a><\/div>\n<\/div><\/div>\n\n\n\n<div class=\"wp-block-group\"><div class=\"wp-block-group__inner-container is-layout-flow wp-block-group-is-layout-flow\">\n<figure class=\"wp-block-image alignfull size-large\"><a href=\"https:\/\/sieben-schwaben-fuerth.de\/wp7s\/anfahrt\/\"><img loading=\"lazy\" decoding=\"async\" width=\"1024\" height=\"1024\" src=\"https:\/\/sieben-schwaben-fuerth.de\/wp7s\/wp-content\/uploads\/2022\/02\/Ohne-Titel_1-1024x1024.jpg\" alt=\"\" class=\"wp-image-74\" srcset=\"https:\/\/sieben-schwaben-fuerth.de\/wp7s\/wp-content\/uploads\/2022\/02\/Ohne-Titel_1-1024x1024.jpg 1024w, https:\/\/sieben-schwaben-fuerth.de\/wp7s\/wp-content\/uploads\/2022\/02\/Ohne-Titel_1-300x300.jpg 300w, https:\/\/sieben-schwaben-fuerth.de\/wp7s\/wp-content\/uploads\/2022\/02\/Ohne-Titel_1-150x150.jpg 150w, https:\/\/sieben-schwaben-fuerth.de\/wp7s\/wp-content\/uploads\/2022\/02\/Ohne-Titel_1-768x768.jpg 768w, https:\/\/sieben-schwaben-fuerth.de\/wp7s\/wp-content\/uploads\/2022\/02\/Ohne-Titel_1.jpg 1080w\" sizes=\"auto, (max-width: 1024px) 100vw, 1024px\" \/><\/a><\/figure>\n\n\n\n<h3 class=\"wp-block-heading has-large-font-size\" id=\"anfahrt\">Anfahrt<\/h3>\n\n\n\n<p>So findet ihr Euren Weg zu uns<\/p>\n\n\n\n<div class=\"wp-block-button is-style-outline is-style-outline--4\"><a class=\"wp-block-button__link wp-element-button\" href=\"https:\/\/sieben-schwaben-fuerth.de\/wp7s\/anfahrt\/\">Weiterlesen<\/a><\/div>\n<\/div><\/div>\n<\/div>\n<\/div>\n\n\n\n<figure class=\"wp-block-image alignfull size-large\"><img loading=\"lazy\" decoding=\"async\" width=\"1024\" height=\"768\" src=\"https:\/\/sieben-schwaben-fuerth.de\/wp7s\/wp-content\/uploads\/2022\/02\/IMG_5329-1024x768.jpg\" alt=\"Die Terrasse zum Stadtpark\" class=\"wp-image-207\" srcset=\"https:\/\/sieben-schwaben-fuerth.de\/wp7s\/wp-content\/uploads\/2022\/02\/IMG_5329-1024x768.jpg 1024w, https:\/\/sieben-schwaben-fuerth.de\/wp7s\/wp-content\/uploads\/2022\/02\/IMG_5329-300x225.jpg 300w, https:\/\/sieben-schwaben-fuerth.de\/wp7s\/wp-content\/uploads\/2022\/02\/IMG_5329-768x576.jpg 768w, https:\/\/sieben-schwaben-fuerth.de\/wp7s\/wp-content\/uploads\/2022\/02\/IMG_5329-1536x1152.jpg 1536w, https:\/\/sieben-schwaben-fuerth.de\/wp7s\/wp-content\/uploads\/2022\/02\/IMG_5329-2048x1536.jpg 2048w, https:\/\/sieben-schwaben-fuerth.de\/wp7s\/wp-content\/uploads\/2022\/02\/IMG_5329-1200x900.jpg 1200w, https:\/\/sieben-schwaben-fuerth.de\/wp7s\/wp-content\/uploads\/2022\/02\/IMG_5329-1980x1485.jpg 1980w\" sizes=\"auto, (max-width: 1024px) 100vw, 1024px\" \/><figcaption class=\"wp-element-caption\">Unsere Terrasse mit Blick auf den Stadtpark<\/figcaption><\/figure>\n\n\n\n<div class=\"wp-block-group alignwide\"><div class=\"wp-block-group__inner-container is-layout-flow wp-block-group-is-layout-flow\">\n<h2 class=\"wp-block-heading has-text-align-center has-accent-color has-text-color\" id=\"wunderdoktor-ganz-allein-ist-das-bier-und-auch-der-wein\">\u201eWunderdoktor ganz allein, ist das Bier und auch der Wein.\u201c<\/h2>\n<\/div><\/div>\n\n\n\n<p class=\"has-drop-cap\">Wir bieten eine traditionelle gutb\u00fcrgerliche fr\u00e4nkische K\u00fcche mit Schwerpunkt auf regionalen Zutaten und saisonalen Gerichten, erg\u00e4nzt um vegetarische und vegane Gerichte internationaler K\u00fcche. Unsere Standard-Speisekarte wird um eine t\u00e4glich wechselnde Tageskarte erg\u00e4nzt.<br><br>Unsere Gastst\u00e4tte bietet Platz f\u00fcr rund 100 Personen. Hierin ist ein Nebenzimmer inbegriffen, in dem 24 G\u00e4ste untergebracht werden k\u00f6nnen. Im Au\u00dfenbereich sitzt es sich gem\u00fctlich mit Blick auf den Stadtpark oder das gr\u00fcnderzeitlichen Ensemble der Goethestra\u00dfe.<br><br>Gerne richten wir auch Familien-, Firmen und Vereins-Feierlichkeiten aus.<\/p>\n\n\n\n<div class=\"wp-block-group alignwide\"><div class=\"wp-block-group__inner-container is-layout-flow wp-block-group-is-layout-flow\">\n<div class=\"wp-block-cover alignwide\"><img loading=\"lazy\" decoding=\"async\" width=\"1856\" height=\"1096\" class=\"wp-block-cover__image-background wp-image-92\" alt=\"\" src=\"https:\/\/sieben-schwaben-fuerth.de\/wp7s\/wp-content\/uploads\/2022\/02\/Bildschirmfoto-2022-02-09-um-17.45.18.png\" data-object-fit=\"cover\" srcset=\"https:\/\/sieben-schwaben-fuerth.de\/wp7s\/wp-content\/uploads\/2022\/02\/Bildschirmfoto-2022-02-09-um-17.45.18.png 1856w, https:\/\/sieben-schwaben-fuerth.de\/wp7s\/wp-content\/uploads\/2022\/02\/Bildschirmfoto-2022-02-09-um-17.45.18-300x177.png 300w, https:\/\/sieben-schwaben-fuerth.de\/wp7s\/wp-content\/uploads\/2022\/02\/Bildschirmfoto-2022-02-09-um-17.45.18-1024x605.png 1024w, https:\/\/sieben-schwaben-fuerth.de\/wp7s\/wp-content\/uploads\/2022\/02\/Bildschirmfoto-2022-02-09-um-17.45.18-768x454.png 768w, https:\/\/sieben-schwaben-fuerth.de\/wp7s\/wp-content\/uploads\/2022\/02\/Bildschirmfoto-2022-02-09-um-17.45.18-1536x907.png 1536w, https:\/\/sieben-schwaben-fuerth.de\/wp7s\/wp-content\/uploads\/2022\/02\/Bildschirmfoto-2022-02-09-um-17.45.18-1200x709.png 1200w\" sizes=\"auto, (max-width: 1856px) 100vw, 1856px\" \/><span aria-hidden=\"true\" class=\"wp-block-cover__background has-background-dim-10 has-background-dim\" style=\"background-color:#ffffff\"><\/span><div class=\"wp-block-cover__inner-container is-layout-flow wp-block-cover-is-layout-flow\">\n<div class=\"wp-block-group\"><div class=\"wp-block-group__inner-container is-layout-flow wp-block-group-is-layout-flow\">\n<h2 class=\"wp-block-heading has-text-align-center\" id=\"wir-suchen-verstarkung\">Wir suchen Verst\u00e4rkung!<\/h2>\n\n\n\n<p class=\"has-text-align-center\">Aktuell sind wir auf der Suche nach Team-Mitgliedern f\u00fcr den Service-Bereich.<\/p>\n\n\n\n<div class=\"wp-block-button aligncenter\"><a class=\"wp-block-button__link wp-element-button\" href=\"https:\/\/sieben-schwaben-fuerth.de\/wp7s\/1104\/verstaerkung-gesucht-service-m-w-d\/\">Stellenanzeige ansehen<\/a><\/div>\n<\/div><\/div>\n<\/div><\/div>\n<\/div><\/div>\n\n\n\n<figure class=\"wp-block-gallery alignwide has-nested-images columns-default is-cropped wp-block-gallery-5 is-layout-flex wp-block-gallery-is-layout-flex\">\n<figure class=\"wp-block-image size-large\"><img loading=\"lazy\" decoding=\"async\" width=\"761\" height=\"1024\" data-id=\"89\" src=\"https:\/\/sieben-schwaben-fuerth.de\/wp7s\/wp-content\/uploads\/2022\/02\/Bildschirmfoto-2022-02-09-um-17.42.57-761x1024.png\" alt=\"In der Saison gibt es bei uns Aischgr\u00fcnder Karpfen und Karpfenfilet\" class=\"wp-image-89\" srcset=\"https:\/\/sieben-schwaben-fuerth.de\/wp7s\/wp-content\/uploads\/2022\/02\/Bildschirmfoto-2022-02-09-um-17.42.57-761x1024.png 761w, https:\/\/sieben-schwaben-fuerth.de\/wp7s\/wp-content\/uploads\/2022\/02\/Bildschirmfoto-2022-02-09-um-17.42.57-223x300.png 223w, https:\/\/sieben-schwaben-fuerth.de\/wp7s\/wp-content\/uploads\/2022\/02\/Bildschirmfoto-2022-02-09-um-17.42.57-768x1034.png 768w, https:\/\/sieben-schwaben-fuerth.de\/wp7s\/wp-content\/uploads\/2022\/02\/Bildschirmfoto-2022-02-09-um-17.42.57-1141x1536.png 1141w, https:\/\/sieben-schwaben-fuerth.de\/wp7s\/wp-content\/uploads\/2022\/02\/Bildschirmfoto-2022-02-09-um-17.42.57-1200x1616.png 1200w, https:\/\/sieben-schwaben-fuerth.de\/wp7s\/wp-content\/uploads\/2022\/02\/Bildschirmfoto-2022-02-09-um-17.42.57.png 1496w\" sizes=\"auto, (max-width: 761px) 100vw, 761px\" \/><\/figure>\n\n\n\n<figure class=\"wp-block-image size-large\"><img loading=\"lazy\" decoding=\"async\" width=\"1024\" height=\"823\" data-id=\"97\" src=\"https:\/\/sieben-schwaben-fuerth.de\/wp7s\/wp-content\/uploads\/2022\/02\/IMG_8623-1024x823.jpeg\" alt=\"\" class=\"wp-image-97\" srcset=\"https:\/\/sieben-schwaben-fuerth.de\/wp7s\/wp-content\/uploads\/2022\/02\/IMG_8623-1024x823.jpeg 1024w, https:\/\/sieben-schwaben-fuerth.de\/wp7s\/wp-content\/uploads\/2022\/02\/IMG_8623-300x241.jpeg 300w, https:\/\/sieben-schwaben-fuerth.de\/wp7s\/wp-content\/uploads\/2022\/02\/IMG_8623-768x617.jpeg 768w, https:\/\/sieben-schwaben-fuerth.de\/wp7s\/wp-content\/uploads\/2022\/02\/IMG_8623.jpeg 1180w\" sizes=\"auto, (max-width: 1024px) 100vw, 1024px\" \/><\/figure>\n<\/figure>\n\n\n\n<p>In der Saison <em>(September bis Ostern) <\/em>servieren wir so gut wie t\u00e4glich gebackenen Aischgr\u00fcnder Karpfen und Karpfenfilet. Vorbestellung wird &#8211; besonders f\u00fcr Sonntage &#8211; sehr empfohlen.<\/p>\n","protected":false},"excerpt":{"rendered":"<p>Herzlich willkommen!Unsere Gastst\u00e4tte liegt direkt am F\u00fcrther Stadtpark. Von hier geht der Ruf unserer K\u00fcche f\u00fcr gute und bodenst\u00e4ndige fr\u00e4nkische Speisen von jeher weit \u00fcber die Grenzen der Stadt F\u00fcrth hinaus. Unser Haus lebt eine \u00fcber 130 j\u00e4hrige Geschichte. Sie ist uns heute Stolz wie Verpflichtung. So stehen die \u00bbSieben Schwaben\u00ab f\u00fcr eine zeitgem\u00e4\u00dfe und [&hellip;]<\/p>\n","protected":false},"author":1,"featured_media":38,"parent":0,"menu_order":0,"comment_status":"closed","ping_status":"closed","template":"","meta":{"footnotes":""},"class_list":["post-7","page","type-page","status-publish","has-post-thumbnail","hentry"],"_links":{"self":[{"href":"https:\/\/sieben-schwaben-fuerth.de\/wp7s\/wp-json\/wp\/v2\/pages\/7","targetHints":{"allow":["GET"]}}],"collection":[{"href":"https:\/\/sieben-schwaben-fuerth.de\/wp7s\/wp-json\/wp\/v2\/pages"}],"about":[{"href":"https:\/\/sieben-schwaben-fuerth.de\/wp7s\/wp-json\/wp\/v2\/types\/page"}],"author":[{"embeddable":true,"href":"https:\/\/sieben-schwaben-fuerth.de\/wp7s\/wp-json\/wp\/v2\/users\/1"}],"replies":[{"embeddable":true,"href":"https:\/\/sieben-schwaben-fuerth.de\/wp7s\/wp-json\/wp\/v2\/comments?post=7"}],"version-history":[{"count":10,"href":"https:\/\/sieben-schwaben-fuerth.de\/wp7s\/wp-json\/wp\/v2\/pages\/7\/revisions"}],"predecessor-version":[{"id":1248,"href":"https:\/\/sieben-schwaben-fuerth.de\/wp7s\/wp-json\/wp\/v2\/pages\/7\/revisions\/1248"}],"wp:featuredmedia":[{"embeddable":true,"href":"https:\/\/sieben-schwaben-fuerth.de\/wp7s\/wp-json\/wp\/v2\/media\/38"}],"wp:attachment":[{"href":"https:\/\/sieben-schwaben-fuerth.de\/wp7s\/wp-json\/wp\/v2\/media?parent=7"}],"curies":[{"name":"wp","href":"https:\/\/api.w.org\/{rel}","templated":true}]}}