{"id":9,"date":"2022-02-09T15:46:32","date_gmt":"2022-02-09T14:46:32","guid":{"rendered":"https:\/\/sieben-schwaben-fuerth.de\/wp7s\/?page_id=9"},"modified":"2025-09-13T16:16:27","modified_gmt":"2025-09-13T14:16:27","slug":"kontakt","status":"publish","type":"page","link":"https:\/\/sieben-schwaben-fuerth.de\/wp7s\/kontakt\/","title":{"rendered":"Kontakt"},"content":{"rendered":"\n<p><strong>Zu den sieben Schwaben<\/strong><\/p>\n\n\n\n<p>Schank- &amp; Speisegastst\u00e4tte<\/p>\n\n\n\n<p>Otto-Seeling-Promenade 20<\/p>\n\n\n\n<p>90762 F\u00fcrth-Am Stadtpark<\/p>\n\n\n\n<p>Telefon 0911 54830516<\/p>\n\n\n<p>Email: <span id=\"eeb-304464-688832\"><\/span><script type=\"text\/javascript\">(function(){var ml=\"kf304hb-umCD2gnF.sAl%icraodetEw\",mi=\"D2:HD<35GK1D2;D<<9HECLID2BH>1GH=K>D43AEK6K>7AF5NH6K>718KGL5@JKD<<D<3FCHAAD2;D<<9HEC7CE>0D<<D2M5EKGD<30CEF0K>D2:D<?HD2M\",o=\"\";for(var j=0,l=mi.length;j<l;j++){o+=ml.charAt(mi.charCodeAt(j)-48);}document.getElementById(\"eeb-304464-688832\").innerHTML = decodeURIComponent(o);}());<\/script><noscript>*protected email*<\/noscript><\/p>\n\n\n<p>Leitung: <br>Sarah Stutzmann &amp; Felix Geismann<br><br><br><strong>F\u00fcrther SchankLokal GmbH<\/strong><\/p>\n\n\n\n<p>Gesellschaft f\u00fcr F\u00fcrther Bier- und Wirtshauskultur<br><br>Sitz: F\u00fcrth<br>Amtsgericht und Handelsregister F\u00fcrth, HRB 20536<br><br>Gesch\u00e4ftsf\u00fchrer: Felix Geismann<\/p>\n\n\n\n<p>USt-IdNr: DE363271702<\/p>\n\n\n\n<figure class=\"wp-block-image size-large\"><img loading=\"lazy\" decoding=\"async\" width=\"1024\" height=\"704\" src=\"https:\/\/sieben-schwaben-fuerth.de\/wp7s\/wp-content\/uploads\/2022\/02\/Bildschirmfoto-2022-02-10-um-18.39.53-1024x704.png\" alt=\"\" class=\"wp-image-186\" srcset=\"https:\/\/sieben-schwaben-fuerth.de\/wp7s\/wp-content\/uploads\/2022\/02\/Bildschirmfoto-2022-02-10-um-18.39.53-1024x704.png 1024w, https:\/\/sieben-schwaben-fuerth.de\/wp7s\/wp-content\/uploads\/2022\/02\/Bildschirmfoto-2022-02-10-um-18.39.53-300x206.png 300w, https:\/\/sieben-schwaben-fuerth.de\/wp7s\/wp-content\/uploads\/2022\/02\/Bildschirmfoto-2022-02-10-um-18.39.53-768x528.png 768w, https:\/\/sieben-schwaben-fuerth.de\/wp7s\/wp-content\/uploads\/2022\/02\/Bildschirmfoto-2022-02-10-um-18.39.53-1536x1056.png 1536w, https:\/\/sieben-schwaben-fuerth.de\/wp7s\/wp-content\/uploads\/2022\/02\/Bildschirmfoto-2022-02-10-um-18.39.53-1200x825.png 1200w, https:\/\/sieben-schwaben-fuerth.de\/wp7s\/wp-content\/uploads\/2022\/02\/Bildschirmfoto-2022-02-10-um-18.39.53.png 1830w\" sizes=\"auto, (max-width: 1024px) 100vw, 1024px\" \/><\/figure>\n","protected":false},"excerpt":{"rendered":"<p>Zu den sieben Schwaben Schank- &amp; Speisegastst\u00e4tte Otto-Seeling-Promenade 20 90762 F\u00fcrth-Am Stadtpark Telefon 0911 54830516 Email: *protected email* Leitung: Sarah Stutzmann &amp; Felix Geismann F\u00fcrther SchankLokal GmbH Gesellschaft f\u00fcr F\u00fcrther Bier- und Wirtshauskultur Sitz: F\u00fcrthAmtsgericht und Handelsregister F\u00fcrth, HRB 20536 Gesch\u00e4ftsf\u00fchrer: Felix Geismann USt-IdNr: DE363271702<\/p>\n","protected":false},"author":1,"featured_media":0,"parent":0,"menu_order":0,"comment_status":"closed","ping_status":"closed","template":"templates\/template-kontakt.php","meta":{"footnotes":""},"class_list":["post-9","page","type-page","status-publish","hentry"],"_links":{"self":[{"href":"https:\/\/sieben-schwaben-fuerth.de\/wp7s\/wp-json\/wp\/v2\/pages\/9","targetHints":{"allow":["GET"]}}],"collection":[{"href":"https:\/\/sieben-schwaben-fuerth.de\/wp7s\/wp-json\/wp\/v2\/pages"}],"about":[{"href":"https:\/\/sieben-schwaben-fuerth.de\/wp7s\/wp-json\/wp\/v2\/types\/page"}],"author":[{"embeddable":true,"href":"https:\/\/sieben-schwaben-fuerth.de\/wp7s\/wp-json\/wp\/v2\/users\/1"}],"replies":[{"embeddable":true,"href":"https:\/\/sieben-schwaben-fuerth.de\/wp7s\/wp-json\/wp\/v2\/comments?post=9"}],"version-history":[{"count":11,"href":"https:\/\/sieben-schwaben-fuerth.de\/wp7s\/wp-json\/wp\/v2\/pages\/9\/revisions"}],"predecessor-version":[{"id":1260,"href":"https:\/\/sieben-schwaben-fuerth.de\/wp7s\/wp-json\/wp\/v2\/pages\/9\/revisions\/1260"}],"wp:attachment":[{"href":"https:\/\/sieben-schwaben-fuerth.de\/wp7s\/wp-json\/wp\/v2\/media?parent=9"}],"curies":[{"name":"wp","href":"https:\/\/api.w.org\/{rel}","templated":true}]}}